{"id":3540,"date":"2026-04-01T13:21:51","date_gmt":"2026-04-01T12:21:51","guid":{"rendered":"https:\/\/info-n.com\/tn\/?post_type=product&#038;p=3540"},"modified":"2026-04-13T16:34:49","modified_gmt":"2026-04-13T15:34:49","slug":"camera-de-surveillance-xiaomi-c300-dual","status":"publish","type":"product","link":"https:\/\/info-n.com\/tn\/shop\/camera-de-surveillance-xiaomi-c300-dual\/","title":{"rendered":"Cam\u00e9ra De Surveillance XIAOMI C300 DUAL"},"content":{"rendered":"<p>Cam\u00e9ra De Surveillance XIAOMI C300 DUAL<br \/>\nEntr\u00e9e nominale : 5 V\u23932 A<br \/>\nPoids net : Environ 384 g<br \/>\nDimensions du produit : 78 x 78 x 126 mm<br \/>\nR\u00e9solution : 2304 \u00d7 1296<br \/>\nVid\u00e9o Codec : H.265<br \/>\nTemp\u00e9rature de fonctionnement : -10 \u00b0C \u00e0 +40 \u00b0C<br \/>\nConnectivit\u00e9 sans fil : Wi-Fi IEEE 802.11 a\/b\/g\/n\/ac\/x 2,4 Ghz\/5 GHz, Bluetooth 5.3<br \/>\nCompatible avec : Android 8.0 et iOS 12.0 ou version ult\u00e9rieure<br \/>\nStockage : Carte microSD (de 16 \u00e0 256 Go)<\/p>\n","protected":false},"excerpt":{"rendered":"<p>Cam\u00e9ra de Surveillance XIAOMI C300 Dual est une cam\u00e9ra intelligente offrant une double vision HD, d\u00e9tection de mouvement et contr\u00f4le \u00e0 distance via application, id\u00e9ale pour s\u00e9curiser maison ou bureau.<\/p>\n","protected":false},"featured_media":3528,"template":"","meta":[],"product_brand":[682],"product_cat":[1347],"product_tag":[1368,1367,21,1349,1366,1365,1362,1364,254,26,1363,1361,1348,1350,1909,1351],"class_list":{"0":"post-3540","1":"product","2":"type-product","3":"status-publish","4":"has-post-thumbnail","6":"product_brand-xiaomi","7":"product_cat-camera-de-surveillance","8":"product_tag-c300","9":"product_tag-c300-dual","10":"product_tag-camera","11":"product_tag-camera-de-surveillance","12":"product_tag-camera-de-surveillance-dinterieur-xiaomi-c300-dual","13":"product_tag-camera-de-surveillance-interieur","14":"product_tag-camera-de-surveillance-interne","15":"product_tag-camera-home","16":"product_tag-dual","17":"product_tag-home","18":"product_tag-interne","19":"product_tag-redmi","20":"product_tag-security","21":"product_tag-surveillance","22":"product_tag-tunisie","23":"product_tag-xiaomi","25":"first","26":"onbackorder","27":"sold-individually","28":"taxable","29":"shipping-taxable","30":"purchasable","31":"product-type-simple"},"aioseo_notices":[],"_links":{"self":[{"href":"https:\/\/info-n.com\/tn\/wp-json\/wp\/v2\/product\/3540","targetHints":{"allow":["GET"]}}],"collection":[{"href":"https:\/\/info-n.com\/tn\/wp-json\/wp\/v2\/product"}],"about":[{"href":"https:\/\/info-n.com\/tn\/wp-json\/wp\/v2\/types\/product"}],"wp:featuredmedia":[{"embeddable":true,"href":"https:\/\/info-n.com\/tn\/wp-json\/wp\/v2\/media\/3528"}],"wp:attachment":[{"href":"https:\/\/info-n.com\/tn\/wp-json\/wp\/v2\/media?parent=3540"}],"wp:term":[{"taxonomy":"product_brand","embeddable":true,"href":"https:\/\/info-n.com\/tn\/wp-json\/wp\/v2\/product_brand?post=3540"},{"taxonomy":"product_cat","embeddable":true,"href":"https:\/\/info-n.com\/tn\/wp-json\/wp\/v2\/product_cat?post=3540"},{"taxonomy":"product_tag","embeddable":true,"href":"https:\/\/info-n.com\/tn\/wp-json\/wp\/v2\/product_tag?post=3540"}],"curies":[{"name":"wp","href":"https:\/\/api.w.org\/{rel}","templated":true}]}}