{"id":3541,"date":"2026-04-01T13:22:56","date_gmt":"2026-04-01T12:22:56","guid":{"rendered":"https:\/\/info-n.com\/tn\/?post_type=product&#038;p=3541"},"modified":"2026-04-15T17:58:48","modified_gmt":"2026-04-15T16:58:48","slug":"montre-connectee-xiaomi-mi-watch-2-lite","status":"publish","type":"product","link":"https:\/\/info-n.com\/tn\/shop\/montre-connectee-xiaomi-mi-watch-2-lite\/","title":{"rendered":"Montre Connect\u00e9e XIAOMI MI WATCH 2 LITE"},"content":{"rendered":"<p>Montre Connect\u00e9e XIAOMI MI WATCH 2 LITE &#8211; \u00c9cran : Tactile 1,55\u2033 (320 x 360 px) &#8211; Sport : +100 modes &#8211; \u00c9tanch\u00e9it\u00e9 : 5 ATM &#8211; Sant\u00e9 : SpO\u2082 et Fr\u00e9quence cardiaque 24h &#8211; Connectivit\u00e9 : Bluetooth 5.0 &#8211; GPS : Autonome multi-syst\u00e8me &#8211; Autonomie : Jusqu&rsquo;\u00e0 10 jours<\/p>\n","protected":false},"excerpt":{"rendered":"<p>Montre Connect\u00e9e XIAOMI MI Watch 2 Lite est une smartwatch \u00e9l\u00e9gante et l\u00e9g\u00e8re, dot\u00e9e d\u2019un \u00e9cran couleur, suivi sportif complet, capteurs de sant\u00e9 et notifications intelligentes, id\u00e9ale pour un usage quotidien et le fitness.<\/p>\n","protected":false},"featured_media":3538,"template":"","meta":[],"product_brand":[682],"product_cat":[727],"product_tag":[1837,1369,1840,1846,1834,1371,1357,447,1836,448,1839,1833,1845,1842,1361,562,565,1843,1909,675,1351,1370,1838,1832,1835,1844,1841],"class_list":{"0":"post-3541","1":"product","2":"type-product","3":"status-publish","4":"has-post-thumbnail","6":"product_brand-xiaomi","7":"product_cat-smartwatch","8":"product_tag-bluetooth-watch","9":"product_tag-connectee","10":"product_tag-fitness-watch","11":"product_tag-health-watch","12":"product_tag-intelligent-watch","13":"product_tag-lite","14":"product_tag-mi","15":"product_tag-montre","16":"product_tag-montre-bluetooth","17":"product_tag-montre-connectee","18":"product_tag-montre-fitness","19":"product_tag-montre-intelligente","20":"product_tag-montre-sante","21":"product_tag-montre-sport","22":"product_tag-redmi","23":"product_tag-smart-watch","24":"product_tag-smartwatch","25":"product_tag-sports-watch","26":"product_tag-tunisie","27":"product_tag-watch","28":"product_tag-xiaomi","29":"product_tag-xiaomi-mi-watch-2-lite","30":"product_tag-1838","31":"product_tag-1832","32":"product_tag-1835","33":"product_tag-1844","34":"product_tag-1841","36":"first","37":"onbackorder","38":"sale","39":"sold-individually","40":"taxable","41":"shipping-taxable","42":"purchasable","43":"product-type-simple"},"aioseo_notices":[],"_links":{"self":[{"href":"https:\/\/info-n.com\/tn\/wp-json\/wp\/v2\/product\/3541","targetHints":{"allow":["GET"]}}],"collection":[{"href":"https:\/\/info-n.com\/tn\/wp-json\/wp\/v2\/product"}],"about":[{"href":"https:\/\/info-n.com\/tn\/wp-json\/wp\/v2\/types\/product"}],"wp:featuredmedia":[{"embeddable":true,"href":"https:\/\/info-n.com\/tn\/wp-json\/wp\/v2\/media\/3538"}],"wp:attachment":[{"href":"https:\/\/info-n.com\/tn\/wp-json\/wp\/v2\/media?parent=3541"}],"wp:term":[{"taxonomy":"product_brand","embeddable":true,"href":"https:\/\/info-n.com\/tn\/wp-json\/wp\/v2\/product_brand?post=3541"},{"taxonomy":"product_cat","embeddable":true,"href":"https:\/\/info-n.com\/tn\/wp-json\/wp\/v2\/product_cat?post=3541"},{"taxonomy":"product_tag","embeddable":true,"href":"https:\/\/info-n.com\/tn\/wp-json\/wp\/v2\/product_tag?post=3541"}],"curies":[{"name":"wp","href":"https:\/\/api.w.org\/{rel}","templated":true}]}}