{"id":3542,"date":"2026-04-02T13:25:04","date_gmt":"2026-04-02T12:25:04","guid":{"rendered":"https:\/\/info-n.com\/tn\/?post_type=product&#038;p=3542"},"modified":"2026-04-14T11:30:06","modified_gmt":"2026-04-14T10:30:06","slug":"camera-de-surveillance-externe-xiaomi-cw500-dual","status":"publish","type":"product","link":"https:\/\/info-n.com\/tn\/shop\/camera-de-surveillance-externe-xiaomi-cw500-dual\/","title":{"rendered":"Cam\u00e9ra de surveillance Externe XIAOMI CW500 DUAL"},"content":{"rendered":"<p>Cam\u00e9ra de Surveillance Externe XIAOMI CW500 Dual est une cam\u00e9ra intelligente double objectif, offrant une couverture \u00e9tendue en Full HD avec vision nocturne et d\u00e9tection de mouvement, id\u00e9ale pour s\u00e9curiser efficacement vos espaces ext\u00e9rieurs.<br \/>\nMod\u00e8le : XIAOMI CW500 DUAL &#8211; R\u00e9solution : 2560 \u00d7 1440 px (2K) &#8211; Ouverture : F\/1,6 &#8211; Encodage vid\u00e9o : H.265 &#8211; Connexion sans fil : Wi-Fi IEEE 802.11 b\/g\/n\/a\/ac\/ax (2,4 GHz \/ 5 GHz) &#8211; M\u00e9thodes de stockage : Carte MicroSD (16 Go \u00e0 256 Go), stockage en r\u00e9seau, Xiaomi Cloud &#8211; Compatibilit\u00e9 : Android 8.0 ou iOS 12.0 et sup\u00e9rieur &#8211; Indice de r\u00e9sistance : IP66 &#8211; Puissance nominale d\u2019entr\u00e9e : 12V \/ 1A &#8211; Temp\u00e9rature de fonctionnement (unit\u00e9) : -30\u00b0C \u00e0 60\u00b0C &#8211; Temp\u00e9rature de fonctionnement (adaptateur) : -30\u00b0C \u00e0 45\u00b0C<\/p>\n","protected":false},"excerpt":{"rendered":"<p>Cam\u00e9ra de Surveillance Externe XIAOMI CW500 Dual est une cam\u00e9ra intelligente double objectif, offrant une couverture \u00e9tendue en Full HD avec vision nocturne et d\u00e9tection de mouvement, id\u00e9ale pour s\u00e9curiser efficacement vos espaces ext\u00e9rieurs.<\/p>\n","protected":false},"featured_media":3537,"template":"","meta":[],"product_brand":[682],"product_cat":[1347],"product_tag":[21,1484,1482,1349,1372,1355,1352,1481,1480,1466,1353,1462,1467,1494,1451,1354,1361,1348,1350,1909,1483,1351,1479,1373,1497,1485,1476,1487,1489,1471,1472,1469,1486,1477,1488],"class_list":{"0":"post-3542","1":"product","2":"type-product","3":"status-publish","4":"has-post-thumbnail","6":"product_brand-xiaomi","7":"product_cat-camera-de-surveillance","8":"product_tag-camera","9":"product_tag-camera-de-protection","10":"product_tag-camera-de-securite","11":"product_tag-camera-de-surveillance","12":"product_tag-camera-de-surveillance-dexterieur-cw500","13":"product_tag-camera-de-surveillance-exterieure","14":"product_tag-camera-de-surveillance-externe","15":"product_tag-camera-dual","16":"product_tag-camera-externe","17":"product_tag-camera-ip","18":"product_tag-camera-outdoor","19":"product_tag-camera-sans-fil","20":"product_tag-camera-wi-fi","21":"product_tag-charge-rapide","22":"product_tag-chargeur-portable","23":"product_tag-outdoor","24":"product_tag-redmi","25":"product_tag-security","26":"product_tag-surveillance","27":"product_tag-tunisie","28":"product_tag-videosurveillance-exterieure","29":"product_tag-xiaomi","30":"product_tag-xiaomi-cw500","31":"product_tag-xiaomi-cw500-dual","32":"product_tag-1497","33":"product_tag--cw500","34":"product_tag--ip","35":"product_tag-1487","36":"product_tag-1489","37":"product_tag-1471","38":"product_tag-1472","39":"product_tag-1469","40":"product_tag-1486","41":"product_tag-1477","42":"product_tag-1488","44":"first","45":"onbackorder","46":"sale","47":"sold-individually","48":"taxable","49":"shipping-taxable","50":"purchasable","51":"product-type-simple"},"aioseo_notices":[],"_links":{"self":[{"href":"https:\/\/info-n.com\/tn\/wp-json\/wp\/v2\/product\/3542","targetHints":{"allow":["GET"]}}],"collection":[{"href":"https:\/\/info-n.com\/tn\/wp-json\/wp\/v2\/product"}],"about":[{"href":"https:\/\/info-n.com\/tn\/wp-json\/wp\/v2\/types\/product"}],"wp:featuredmedia":[{"embeddable":true,"href":"https:\/\/info-n.com\/tn\/wp-json\/wp\/v2\/media\/3537"}],"wp:attachment":[{"href":"https:\/\/info-n.com\/tn\/wp-json\/wp\/v2\/media?parent=3542"}],"wp:term":[{"taxonomy":"product_brand","embeddable":true,"href":"https:\/\/info-n.com\/tn\/wp-json\/wp\/v2\/product_brand?post=3542"},{"taxonomy":"product_cat","embeddable":true,"href":"https:\/\/info-n.com\/tn\/wp-json\/wp\/v2\/product_cat?post=3542"},{"taxonomy":"product_tag","embeddable":true,"href":"https:\/\/info-n.com\/tn\/wp-json\/wp\/v2\/product_tag?post=3542"}],"curies":[{"name":"wp","href":"https:\/\/api.w.org\/{rel}","templated":true}]}}