{"id":3543,"date":"2026-04-01T15:37:30","date_gmt":"2026-04-01T14:37:30","guid":{"rendered":"https:\/\/info-n.com\/tn\/?post_type=product&#038;p=3543"},"modified":"2026-04-15T12:29:09","modified_gmt":"2026-04-15T11:29:09","slug":"chargeur-super-fast-charge-samsung-45w-avec-cable-type-c-vers-type-c-original","status":"publish","type":"product","link":"https:\/\/info-n.com\/tn\/shop\/chargeur-super-fast-charge-samsung-45w-avec-cable-type-c-vers-type-c-original\/","title":{"rendered":"Chargeur Super Fast Charge SAMSUNG 45W avec Cable Type-C vers Type-C &#8211; Original"},"content":{"rendered":"<p>Chargeur Super Fast Charge SAMSUNG 45W avec C\u00e2ble Type-C vers Type-C &#8211; Original &#8211; Puissance : 45W Super Fast Charge 2.0 &#8211; Port : USB-C haute puissance &#8211; Protocoles : PD 3.0 PDO\/PPS jusqu&rsquo;\u00e0 45W, PPS dynamique (5.0-20.0V \/ 2.25A) &#8211; Sortie : PDO 3A (9V, 15V), 2.25A (20V) \/ PPS 2.25A (5.0-20.0V) &#8211; Entr\u00e9e : 100-240V universel &#8211; C\u00e2ble inclus : USB-C vers USB-C haute puissance &#8211; S\u00e9curit\u00e9 : Faible consommation veille (<5mW), protection surcharge\/surtension - Compatibilit\u00e9 : Samsung Galaxy S\/Note\/Z\/Tab s\u00e9ries, smartphones\/tablettes USB-C compatibles PD\/PPS\n<\/p>\n","protected":false},"excerpt":{"rendered":"<p>Chargeur Super Fast Charge SAMSUNG 45W est une solution rapide et fiable, livr\u00e9 avec c\u00e2ble Type\u2011C vers Type\u2011C, id\u00e9al pour recharger vos appareils compatibles en toute s\u00e9curit\u00e9 et efficacit\u00e9.<\/p>\n","protected":false},"featured_media":3547,"template":"","meta":[],"product_brand":[1374],"product_cat":[705],"product_tag":[78,159,195,196,1377,1379,1381,1376,1795,1378,1375,1380,1909,646,1797,1454,1796],"class_list":{"0":"post-3543","1":"product","2":"type-product","3":"status-publish","4":"has-post-thumbnail","6":"product_brand-samsung","7":"product_cat-chargeur-telephone","8":"product_tag-adaptateur","9":"product_tag-cable-type-c","10":"product_tag-charge","11":"product_tag-chargeur","12":"product_tag-chargeur-samsung","13":"product_tag-chargeur-super-fast-charge","14":"product_tag-fast","15":"product_tag-original","16":"product_tag-phone-charger","17":"product_tag-samsung","18":"product_tag-secteurcharge","19":"product_tag-super","20":"product_tag-tunisie","21":"product_tag-type-c","22":"product_tag-1797","23":"product_tag-1454","24":"product_tag-1796","26":"first","27":"onbackorder","28":"sale","29":"sold-individually","30":"taxable","31":"shipping-taxable","32":"purchasable","33":"product-type-simple"},"aioseo_notices":[],"_links":{"self":[{"href":"https:\/\/info-n.com\/tn\/wp-json\/wp\/v2\/product\/3543","targetHints":{"allow":["GET"]}}],"collection":[{"href":"https:\/\/info-n.com\/tn\/wp-json\/wp\/v2\/product"}],"about":[{"href":"https:\/\/info-n.com\/tn\/wp-json\/wp\/v2\/types\/product"}],"wp:featuredmedia":[{"embeddable":true,"href":"https:\/\/info-n.com\/tn\/wp-json\/wp\/v2\/media\/3547"}],"wp:attachment":[{"href":"https:\/\/info-n.com\/tn\/wp-json\/wp\/v2\/media?parent=3543"}],"wp:term":[{"taxonomy":"product_brand","embeddable":true,"href":"https:\/\/info-n.com\/tn\/wp-json\/wp\/v2\/product_brand?post=3543"},{"taxonomy":"product_cat","embeddable":true,"href":"https:\/\/info-n.com\/tn\/wp-json\/wp\/v2\/product_cat?post=3543"},{"taxonomy":"product_tag","embeddable":true,"href":"https:\/\/info-n.com\/tn\/wp-json\/wp\/v2\/product_tag?post=3543"}],"curies":[{"name":"wp","href":"https:\/\/api.w.org\/{rel}","templated":true}]}}