{"id":3549,"date":"2026-04-02T15:39:44","date_gmt":"2026-04-02T14:39:44","guid":{"rendered":"https:\/\/info-n.com\/tn\/?post_type=product&#038;p=3549"},"modified":"2026-04-15T18:08:16","modified_gmt":"2026-04-15T17:08:16","slug":"power-bank-xiaomi-2-4a-10000-mah","status":"publish","type":"product","link":"https:\/\/info-n.com\/tn\/shop\/power-bank-xiaomi-2-4a-10000-mah\/","title":{"rendered":"Power Bank XIAOMI 2.4A 10000 mAh"},"content":{"rendered":"<p>Power Bank XIAOMI 2.4A 10000 mAh &#8211; Batterie : Li-ion polym\u00e8re 10000 mAh (37Wh) &#8211; Capacit\u00e9 nominale : 5500 mAh &#8211; Entr\u00e9es : Micro-USB et USB-C (5V-2.1A) &#8211; Sorties : 2 x USB-A (Simple : 2.4A \/ Double : 2.6A) &#8211; Dimensions : 150.5 x 73.6 x 15.1 mm<\/p>\n","protected":false},"excerpt":{"rendered":"<p>Power Bank XIAOMI 2.4A 10000mAh est une batterie externe compacte et fiable, offrant une charge rapide et s\u00e9curis\u00e9e pour smartphones et appareils \u00e9lectroniques, id\u00e9ale pour un usage quotidien et en d\u00e9placement.<\/p>\n","protected":false},"featured_media":3548,"template":"","meta":[],"product_brand":[682],"product_cat":[721],"product_tag":[1490,1499,48,1498,59,1383,1493,1495,1491,1492,1494,1451,1814,1823,1815,1382,489,1822,1819,1816,490,1909,1820,1817,1351,1496,1821,1824,1818,1504,1500,1501,1502,1459,1497,1503],"class_list":{"0":"post-3549","1":"product","2":"type-product","3":"status-publish","4":"has-post-thumbnail","6":"product_brand-xiaomi","7":"product_cat-power-bank","8":"product_tag-10000-mah","9":"product_tag-10000--","10":"product_tag-10000mah","11":"product_tag-2-4-","12":"product_tag-2-4a","13":"product_tag-bank","14":"product_tag-banque-denergie","15":"product_tag-batterie-de-secours","16":"product_tag-batterie-externe","17":"product_tag-batterie-mobile","18":"product_tag-charge-rapide","19":"product_tag-chargeur-portable","20":"product_tag-external-battery","21":"product_tag-fast-charging-power-bank","22":"product_tag-portable-charger","23":"product_tag-power","24":"product_tag-power-bank","25":"product_tag-power-bank-rapide","26":"product_tag-power-bank-type-c","27":"product_tag-power-bank-usb","28":"product_tag-powerbank","29":"product_tag-tunisie","30":"product_tag-type-c-power-bank","31":"product_tag-usb-power-bank","32":"product_tag-xiaomi","33":"product_tag-1496","34":"product_tag-1821","35":"product_tag-1824","36":"product_tag-1818","37":"product_tag-1504","38":"product_tag-1500","39":"product_tag-1501","40":"product_tag-1502","41":"product_tag-1459","42":"product_tag-1497","43":"product_tag-1503","45":"first","46":"onbackorder","47":"sale","48":"taxable","49":"shipping-taxable","50":"purchasable","51":"product-type-simple"},"aioseo_notices":[],"_links":{"self":[{"href":"https:\/\/info-n.com\/tn\/wp-json\/wp\/v2\/product\/3549","targetHints":{"allow":["GET"]}}],"collection":[{"href":"https:\/\/info-n.com\/tn\/wp-json\/wp\/v2\/product"}],"about":[{"href":"https:\/\/info-n.com\/tn\/wp-json\/wp\/v2\/types\/product"}],"wp:featuredmedia":[{"embeddable":true,"href":"https:\/\/info-n.com\/tn\/wp-json\/wp\/v2\/media\/3548"}],"wp:attachment":[{"href":"https:\/\/info-n.com\/tn\/wp-json\/wp\/v2\/media?parent=3549"}],"wp:term":[{"taxonomy":"product_brand","embeddable":true,"href":"https:\/\/info-n.com\/tn\/wp-json\/wp\/v2\/product_brand?post=3549"},{"taxonomy":"product_cat","embeddable":true,"href":"https:\/\/info-n.com\/tn\/wp-json\/wp\/v2\/product_cat?post=3549"},{"taxonomy":"product_tag","embeddable":true,"href":"https:\/\/info-n.com\/tn\/wp-json\/wp\/v2\/product_tag?post=3549"}],"curies":[{"name":"wp","href":"https:\/\/api.w.org\/{rel}","templated":true}]}}