{"id":3552,"date":"2026-04-01T16:53:26","date_gmt":"2026-04-01T15:53:26","guid":{"rendered":"https:\/\/info-n.com\/tn\/?post_type=product&#038;p=3552"},"modified":"2026-04-16T10:37:23","modified_gmt":"2026-04-16T09:37:23","slug":"tablette-itel-pad-1-10-1-4go-128go","status":"publish","type":"product","link":"https:\/\/info-n.com\/tn\/shop\/tablette-itel-pad-1-10-1-4go-128go\/","title":{"rendered":"Tablette ITEL PAD 1 10.1&Prime; 4Go\/128Go"},"content":{"rendered":"<p>Tablette ITEL PAD 1 10.1&Prime; 4Go\/128Go<\/p>\n<p>\u00c9cran : 10,1&Prime; HD+ IPS (1280 x 800 px) &#8211; Processeur : Octa-Core &#8211; Syst\u00e8me : Android 12 &#8211; M\u00e9moire : 4 Go RAM \/ 128 Go Stockage &#8211; Cam\u00e9ras : 8 MP (Avant) \/ 5 MP (Arri\u00e8re) &#8211; Batterie : 6000 mAh &#8211; Audio : Double haut-parleurs st\u00e9r\u00e9o &#8211; Connectivit\u00e9 : 4G, WiFi, Bluetooth, GPS &#8211; Garantie : 1 an<\/p>\n","protected":false},"excerpt":{"rendered":"<p>Tablette ITEL PAD 1 10.1&Prime; 4Go\/128Go est une tablette polyvalente avec grand \u00e9cran HD, m\u00e9moire g\u00e9n\u00e9reuse et stockage \u00e9tendu, id\u00e9ale pour divertissement, travail et navigation au quotidien.<\/p>\n","protected":false},"featured_media":3560,"template":"","meta":[],"product_brand":[1386],"product_cat":[1387],"product_tag":[1394,1393,1388,1391,1390,624,1392,1389,1909],"class_list":{"0":"post-3552","1":"product","2":"type-product","3":"status-publish","4":"has-post-thumbnail","6":"product_brand-itel","7":"product_cat-tablette-tablette","8":"product_tag-128go","9":"product_tag-4go","10":"product_tag-itel","11":"product_tag-itel-pad","12":"product_tag-pad","13":"product_tag-tablette","14":"product_tag-tablette-10-pouces","15":"product_tag-tablette-itel","16":"product_tag-tunisie","18":"first","19":"onbackorder","20":"sale","21":"sold-individually","22":"taxable","23":"shipping-taxable","24":"purchasable","25":"product-type-simple"},"aioseo_notices":[],"_links":{"self":[{"href":"https:\/\/info-n.com\/tn\/wp-json\/wp\/v2\/product\/3552","targetHints":{"allow":["GET"]}}],"collection":[{"href":"https:\/\/info-n.com\/tn\/wp-json\/wp\/v2\/product"}],"about":[{"href":"https:\/\/info-n.com\/tn\/wp-json\/wp\/v2\/types\/product"}],"wp:featuredmedia":[{"embeddable":true,"href":"https:\/\/info-n.com\/tn\/wp-json\/wp\/v2\/media\/3560"}],"wp:attachment":[{"href":"https:\/\/info-n.com\/tn\/wp-json\/wp\/v2\/media?parent=3552"}],"wp:term":[{"taxonomy":"product_brand","embeddable":true,"href":"https:\/\/info-n.com\/tn\/wp-json\/wp\/v2\/product_brand?post=3552"},{"taxonomy":"product_cat","embeddable":true,"href":"https:\/\/info-n.com\/tn\/wp-json\/wp\/v2\/product_cat?post=3552"},{"taxonomy":"product_tag","embeddable":true,"href":"https:\/\/info-n.com\/tn\/wp-json\/wp\/v2\/product_tag?post=3552"}],"curies":[{"name":"wp","href":"https:\/\/api.w.org\/{rel}","templated":true}]}}