{"id":3563,"date":"2026-04-02T10:58:25","date_gmt":"2026-04-02T09:58:25","guid":{"rendered":"https:\/\/info-n.com\/tn\/?post_type=product&#038;p=3563"},"modified":"2026-04-12T17:58:51","modified_gmt":"2026-04-12T16:58:51","slug":"haut-parleur-sans-fil-rechargeable-iconix-delta-01-bluetooth-mp3","status":"publish","type":"product","link":"https:\/\/info-n.com\/tn\/shop\/haut-parleur-sans-fil-rechargeable-iconix-delta-01-bluetooth-mp3\/","title":{"rendered":"Haut Parleur Sans Fil Rechargeable ICONIX DELTA-01"},"content":{"rendered":"<p>Haut Parleur Sans Fil Rechargeable ICONIX DELTA-01<\/p>\n<p>Puissance de sortie 55 Watts &#8211; Haut-parleurs 2 x 5 pouces + Tweeter 1,5 pouce &#8211; Batterie rechargeable 5000 mAh (7.4V) &#8211; Technologie Bluetooth 5.0 &#8211; Ports USB, Carte Micro SD (TF) et Entr\u00e9e AUX &#8211; R\u00e9glages d\u00e9di\u00e9s Volume, Basses et Aigus &#8211; R\u00e9ponse en fr\u00e9quence 100 Hz \u00e0 20 KHz &#8211; Rapport signal\/bruit \u2265 75dB &#8211; Dimensions 36,8 x 18,7 x 21,6 cm &#8211; Poids 3,5 kg &#8211; Garantie 6 mois.<\/p>\n","protected":false},"excerpt":{"rendered":"<p>Le ICONIX DELTA-01 est une enceinte Bluetooth portable et rechargeable, con\u00e7ue pour lire des fichiers MP3 par connexion sans fil Bluetooth, Ports USB et Carte Micro SD. Elle offre un son puissant et une autonomie optimale pour vos d\u00e9placements.<\/p>\n","protected":false},"featured_media":3559,"template":"","meta":[],"product_brand":[337],"product_cat":[715],"product_tag":[1684,1582,1313,116,1540,1398,271,272,1314,1302,1687,310,311,316,317,320,1683,1669,1672,1677,1675,1695,1680,338,1397,1583,1690,1686,1694,1688,1542,545,37,581,1315,582,1909,1692,1541,1584,1693,1574,1511,1509,1691,1514,1689,1590,1685,1696],"class_list":{"0":"post-3563","1":"product","2":"type-product","3":"status-publish","4":"has-post-thumbnail","6":"product_brand-iconix","7":"product_cat-haut-parleur-sans-fil","8":"product_tag-audio-speaker","9":"product_tag-autonomie-longue-duree","10":"product_tag-baffle","11":"product_tag-bluetooth","12":"product_tag-bluetooth-speaker","13":"product_tag-delta-01","14":"product_tag-enceinte","15":"product_tag-enceinte-bluetooth","16":"product_tag-enceinte-rechargeable","17":"product_tag-enceinte-sans-fil","18":"product_tag-gaming-speaker","19":"product_tag-haut-parleur","20":"product_tag-haut-parleur-bluetooth","21":"product_tag-haut-parleur-portable","22":"product_tag-haut-parleur-rechargeable","23":"product_tag-haut-parleur-sans-fil","24":"product_tag-haut-parleur-audio","25":"product_tag-haut-parleur-bureau","26":"product_tag-haut-parleur-gaming","27":"product_tag-haut-parleur-multimedia","28":"product_tag-haut-parleur-musique","29":"product_tag-haut-parleur-reduction-de-bruit","30":"product_tag-haut-parleur-usb","31":"product_tag-iconix","32":"product_tag-iconix-delta-01","33":"product_tag-long-battery-life","34":"product_tag-multimedia-speaker","35":"product_tag-music-speaker","36":"product_tag-noise-cancelling-speaker","37":"product_tag-office-speaker","38":"product_tag-portable-speaker","39":"product_tag-sans-fil","40":"product_tag-speaker","41":"product_tag-speaker-bluetooth","42":"product_tag-speaker-rechargeable","43":"product_tag-speaker-sans-fil","44":"product_tag-tunisie","45":"product_tag-usb-speaker","46":"product_tag-wireless-speaker","47":"product_tag-1584","48":"product_tag--usb","49":"product_tag-1574","50":"product_tag-1511","51":"product_tag-1509","52":"product_tag-1691","53":"product_tag-1514","54":"product_tag-1689","55":"product_tag-1590","56":"product_tag-1685","57":"product_tag-1696","59":"first","60":"onbackorder","61":"sale","62":"sold-individually","63":"taxable","64":"shipping-taxable","65":"purchasable","66":"product-type-simple"},"aioseo_notices":[],"_links":{"self":[{"href":"https:\/\/info-n.com\/tn\/wp-json\/wp\/v2\/product\/3563","targetHints":{"allow":["GET"]}}],"collection":[{"href":"https:\/\/info-n.com\/tn\/wp-json\/wp\/v2\/product"}],"about":[{"href":"https:\/\/info-n.com\/tn\/wp-json\/wp\/v2\/types\/product"}],"wp:featuredmedia":[{"embeddable":true,"href":"https:\/\/info-n.com\/tn\/wp-json\/wp\/v2\/media\/3559"}],"wp:attachment":[{"href":"https:\/\/info-n.com\/tn\/wp-json\/wp\/v2\/media?parent=3563"}],"wp:term":[{"taxonomy":"product_brand","embeddable":true,"href":"https:\/\/info-n.com\/tn\/wp-json\/wp\/v2\/product_brand?post=3563"},{"taxonomy":"product_cat","embeddable":true,"href":"https:\/\/info-n.com\/tn\/wp-json\/wp\/v2\/product_cat?post=3563"},{"taxonomy":"product_tag","embeddable":true,"href":"https:\/\/info-n.com\/tn\/wp-json\/wp\/v2\/product_tag?post=3563"}],"curies":[{"name":"wp","href":"https:\/\/api.w.org\/{rel}","templated":true}]}}