{"id":3564,"date":"2026-04-01T16:59:59","date_gmt":"2026-04-01T15:59:59","guid":{"rendered":"https:\/\/info-n.com\/tn\/?post_type=product&#038;p=3564"},"modified":"2026-04-12T17:58:51","modified_gmt":"2026-04-12T16:58:51","slug":"haut-parleur-sans-fil-rechargeable-iconix-beta-08-bluetooth-mp3","status":"publish","type":"product","link":"https:\/\/info-n.com\/tn\/shop\/haut-parleur-sans-fil-rechargeable-iconix-beta-08-bluetooth-mp3\/","title":{"rendered":"Haut Parleur Sans Fil Rechargeable ICONIX BETA-08"},"content":{"rendered":"<p>Haut Parleur Sans Fil Rechargeable ICONIX BETA-08<\/p>\n<p>Son pur haute qualit\u00e9 &#8211; Haut-parleur 8 pouces &#8211; Puissance de sortie 800W P.M.P.O &#8211; Bluetooth 5.0 &#8211; Entr\u00e9e 100-240V (50-60Hz) &#8211; Batterie puissante 4000 mAh (7.4V) &#8211; Autonomie environ 5 heures &#8211; \u00c9cran d&rsquo;affichage num\u00e9rique &#8211; Fonction enregistrement par microphone &#8211; Radio FM int\u00e9gr\u00e9e &#8211; Garantie 1 an.<\/p>\n","protected":false},"excerpt":{"rendered":"<p>L&rsquo;ICONIX BETA-08 est une enceinte Bluetooth puissante de 800W, id\u00e9al pour les \u00e9v\u00e9nements et les f\u00eates. Sa batterie de 4000mAh assure une grande autonomie pour diffuser vos fichiers MP3 partout.<\/p>\n","protected":false},"featured_media":3557,"template":"","meta":[],"product_brand":[337],"product_cat":[715],"product_tag":[1684,1582,1313,1400,116,1540,271,272,1314,1302,1687,310,311,316,317,320,1683,1669,1672,1677,1675,1695,1680,338,1399,1583,1690,1686,1694,1688,1542,545,37,581,1315,582,1909,1692,1541,1584,1693,1574,1511,1509,1691,1514,1689,1590,1685,1696],"class_list":{"0":"post-3564","1":"product","2":"type-product","3":"status-publish","4":"has-post-thumbnail","6":"product_brand-iconix","7":"product_cat-haut-parleur-sans-fil","8":"product_tag-audio-speaker","9":"product_tag-autonomie-longue-duree","10":"product_tag-baffle","11":"product_tag-beta-08","12":"product_tag-bluetooth","13":"product_tag-bluetooth-speaker","14":"product_tag-enceinte","15":"product_tag-enceinte-bluetooth","16":"product_tag-enceinte-rechargeable","17":"product_tag-enceinte-sans-fil","18":"product_tag-gaming-speaker","19":"product_tag-haut-parleur","20":"product_tag-haut-parleur-bluetooth","21":"product_tag-haut-parleur-portable","22":"product_tag-haut-parleur-rechargeable","23":"product_tag-haut-parleur-sans-fil","24":"product_tag-haut-parleur-audio","25":"product_tag-haut-parleur-bureau","26":"product_tag-haut-parleur-gaming","27":"product_tag-haut-parleur-multimedia","28":"product_tag-haut-parleur-musique","29":"product_tag-haut-parleur-reduction-de-bruit","30":"product_tag-haut-parleur-usb","31":"product_tag-iconix","32":"product_tag-iconix-beta-08","33":"product_tag-long-battery-life","34":"product_tag-multimedia-speaker","35":"product_tag-music-speaker","36":"product_tag-noise-cancelling-speaker","37":"product_tag-office-speaker","38":"product_tag-portable-speaker","39":"product_tag-sans-fil","40":"product_tag-speaker","41":"product_tag-speaker-bluetooth","42":"product_tag-speaker-rechargeable","43":"product_tag-speaker-sans-fil","44":"product_tag-tunisie","45":"product_tag-usb-speaker","46":"product_tag-wireless-speaker","47":"product_tag-1584","48":"product_tag--usb","49":"product_tag-1574","50":"product_tag-1511","51":"product_tag-1509","52":"product_tag-1691","53":"product_tag-1514","54":"product_tag-1689","55":"product_tag-1590","56":"product_tag-1685","57":"product_tag-1696","59":"first","60":"onbackorder","61":"sale","62":"sold-individually","63":"taxable","64":"shipping-taxable","65":"purchasable","66":"product-type-simple"},"aioseo_notices":[],"_links":{"self":[{"href":"https:\/\/info-n.com\/tn\/wp-json\/wp\/v2\/product\/3564","targetHints":{"allow":["GET"]}}],"collection":[{"href":"https:\/\/info-n.com\/tn\/wp-json\/wp\/v2\/product"}],"about":[{"href":"https:\/\/info-n.com\/tn\/wp-json\/wp\/v2\/types\/product"}],"wp:featuredmedia":[{"embeddable":true,"href":"https:\/\/info-n.com\/tn\/wp-json\/wp\/v2\/media\/3557"}],"wp:attachment":[{"href":"https:\/\/info-n.com\/tn\/wp-json\/wp\/v2\/media?parent=3564"}],"wp:term":[{"taxonomy":"product_brand","embeddable":true,"href":"https:\/\/info-n.com\/tn\/wp-json\/wp\/v2\/product_brand?post=3564"},{"taxonomy":"product_cat","embeddable":true,"href":"https:\/\/info-n.com\/tn\/wp-json\/wp\/v2\/product_cat?post=3564"},{"taxonomy":"product_tag","embeddable":true,"href":"https:\/\/info-n.com\/tn\/wp-json\/wp\/v2\/product_tag?post=3564"}],"curies":[{"name":"wp","href":"https:\/\/api.w.org\/{rel}","templated":true}]}}