{"id":3614,"date":"2026-03-30T11:20:57","date_gmt":"2026-03-30T10:20:57","guid":{"rendered":"https:\/\/info-n.com\/tn\/?post_type=product&#038;p=3614"},"modified":"2026-04-15T18:08:34","modified_gmt":"2026-04-15T17:08:34","slug":"power-bank-inkax-pbq-45-60000mah","status":"publish","type":"product","link":"https:\/\/info-n.com\/tn\/shop\/power-bank-inkax-pbq-45-60000mah\/","title":{"rendered":"Power Bank INKAX PBQ-45 60000mAh"},"content":{"rendered":"<p>Power Bank INKAX PBQ-45 &#8211; Capacit\u00e9 de Batterie : 60000\u202fmAh &#8211; Puissance : 22,5\u202fWatts &#8211; Interface d&rsquo;entr\u00e9e : Type-C, Lightning &#8211; Interface de sortie : 2x USB-A, 1x USB-C &#8211; Recharge rapide &#8211; C\u00e2bles int\u00e9gr\u00e9s Lightning &amp; Type-C &#8211; \u00c9cran LED &#8211; Lampe de camping int\u00e9gr\u00e9e 4 modes &#8211; Mat\u00e9riau : ABS\/PC &#8211; Couleur : Noir &#8211; Garantie : 6 mois<\/p>\n","protected":false},"excerpt":{"rendered":"<p>Power Bank INKAX PBQ\u201145 60000mAh 22.5W est une batterie externe ultra\u2011puissante avec charge rapide, id\u00e9ale pour voyages et usage intensif.<\/p>\n","protected":false},"featured_media":3618,"template":"","meta":[],"product_brand":[342],"product_cat":[721],"product_tag":[1404,1383,1491,1451,1814,1823,341,1405,1402,1403,1815,1382,489,1401,1822,1819,1816,490,1909,1820,1817,1821,1824,1818,1500,1459],"class_list":{"0":"post-3614","1":"product","2":"type-product","3":"status-publish","4":"has-post-thumbnail","6":"product_brand-inkax","7":"product_cat-power-bank","8":"product_tag-60000mah","9":"product_tag-bank","10":"product_tag-batterie-externe","11":"product_tag-chargeur-portable","12":"product_tag-external-battery","13":"product_tag-fast-charging-power-bank","14":"product_tag-inkax","15":"product_tag-inkax-pbq-45","16":"product_tag-inkax-pbq-45-60000mah","17":"product_tag-pbq-45","18":"product_tag-portable-charger","19":"product_tag-power","20":"product_tag-power-bank","21":"product_tag-power-bank-inkax","22":"product_tag-power-bank-rapide","23":"product_tag-power-bank-type-c","24":"product_tag-power-bank-usb","25":"product_tag-powerbank","26":"product_tag-tunisie","27":"product_tag-type-c-power-bank","28":"product_tag-usb-power-bank","29":"product_tag-1821","30":"product_tag-1824","31":"product_tag-1818","32":"product_tag-1500","33":"product_tag-1459","35":"first","36":"onbackorder","37":"sale","38":"sold-individually","39":"taxable","40":"shipping-taxable","41":"purchasable","42":"product-type-simple"},"aioseo_notices":[],"_links":{"self":[{"href":"https:\/\/info-n.com\/tn\/wp-json\/wp\/v2\/product\/3614","targetHints":{"allow":["GET"]}}],"collection":[{"href":"https:\/\/info-n.com\/tn\/wp-json\/wp\/v2\/product"}],"about":[{"href":"https:\/\/info-n.com\/tn\/wp-json\/wp\/v2\/types\/product"}],"wp:featuredmedia":[{"embeddable":true,"href":"https:\/\/info-n.com\/tn\/wp-json\/wp\/v2\/media\/3618"}],"wp:attachment":[{"href":"https:\/\/info-n.com\/tn\/wp-json\/wp\/v2\/media?parent=3614"}],"wp:term":[{"taxonomy":"product_brand","embeddable":true,"href":"https:\/\/info-n.com\/tn\/wp-json\/wp\/v2\/product_brand?post=3614"},{"taxonomy":"product_cat","embeddable":true,"href":"https:\/\/info-n.com\/tn\/wp-json\/wp\/v2\/product_cat?post=3614"},{"taxonomy":"product_tag","embeddable":true,"href":"https:\/\/info-n.com\/tn\/wp-json\/wp\/v2\/product_tag?post=3614"}],"curies":[{"name":"wp","href":"https:\/\/api.w.org\/{rel}","templated":true}]}}