{"id":3624,"date":"2026-03-30T11:24:27","date_gmt":"2026-03-30T10:24:27","guid":{"rendered":"https:\/\/info-n.com\/tn\/?post_type=product&#038;p=3624"},"modified":"2026-04-16T11:55:12","modified_gmt":"2026-04-16T10:55:12","slug":"xo-wx032-3in1-chargeur-sans-fil-lampe-de-bureau-porte-stylo","status":"publish","type":"product","link":"https:\/\/info-n.com\/tn\/shop\/xo-wx032-3in1-chargeur-sans-fil-lampe-de-bureau-porte-stylo\/","title":{"rendered":"XO WX032 3in1 &#8211; Chargeur Sans Fil &#038; Lampe De Bureau &#038; Porte-Stylo"},"content":{"rendered":"<p>XO WX032 3in1 &#8211; Chargeur Sans Fil &amp; Lampe De Bureau &amp; Porte-Stylo &#8211; Sortie sans fil : 13W &#8211; Extension : 10W &#8211; Lampe de table : 2W &#8211; Puissance totale maximale : 25W &#8211; Entr\u00e9e : 27W (9V\/3A) &#8211; Solution IC : AMEC 616 &#8211; Standard : QC3.0 18W ou plus &#8211; Compatibilit\u00e9 : iPhone 8 \u00e0 14 (7,5W) et appareils Qi (15W\/10W\/7,5W\/5W) &#8211; Efficacit\u00e9 : 75% max &#8211; Fr\u00e9quence : 110-205 kHz &#8211; Distance de charge : 3-7 mm &#8211; Interface : USB-C &#8211; Protections : D\u00e9tection d&rsquo;objets \u00e9trangers et surtension &#8211; Mat\u00e9riau : Plastique ABS &#8211; Dimensions : 112 * 98 * 300 mm &#8211; Poids : 213g &#8211; Couleur : Noir &#8211; Fabricant : XO &#8211; \u00c9tat : Neuf &#8211; Garantie : 6 mois.<\/p>\n","protected":false},"excerpt":{"rendered":"<p>XO WX032 3in1 est une station pratique combinant chargeur sans fil, lampe de bureau LED et porte\u2011stylo \u00e9l\u00e9gant, id\u00e9ale pour optimiser l\u2019espace de travail.<\/p>\n","protected":false},"featured_media":3620,"template":"","meta":[],"product_brand":[1406],"product_cat":[690,705],"product_tag":[124,196,1407,1410,1408,1795,1324,1409,545,1411,1909,1414,1413,1412,1797,1454,1796],"class_list":{"0":"post-3624","1":"product","2":"type-product","3":"status-publish","4":"has-post-thumbnail","6":"product_brand-xo","7":"product_cat-idivers","8":"product_cat-chargeur-telephone","9":"product_tag-bureau","10":"product_tag-chargeur","11":"product_tag-chargeur-sans-fil","12":"product_tag-lampe","13":"product_tag-lampe-de-bureau","14":"product_tag-phone-charger","15":"product_tag-porte","16":"product_tag-porte-stylo","17":"product_tag-sans-fil","18":"product_tag-stylo","19":"product_tag-tunisie","20":"product_tag-wx032","21":"product_tag-xo","22":"product_tag-xo-wx032","23":"product_tag-1797","24":"product_tag-1454","25":"product_tag-1796","27":"first","28":"onbackorder","29":"sale","30":"sold-individually","31":"taxable","32":"shipping-taxable","33":"purchasable","34":"product-type-simple"},"aioseo_notices":[],"_links":{"self":[{"href":"https:\/\/info-n.com\/tn\/wp-json\/wp\/v2\/product\/3624","targetHints":{"allow":["GET"]}}],"collection":[{"href":"https:\/\/info-n.com\/tn\/wp-json\/wp\/v2\/product"}],"about":[{"href":"https:\/\/info-n.com\/tn\/wp-json\/wp\/v2\/types\/product"}],"wp:featuredmedia":[{"embeddable":true,"href":"https:\/\/info-n.com\/tn\/wp-json\/wp\/v2\/media\/3620"}],"wp:attachment":[{"href":"https:\/\/info-n.com\/tn\/wp-json\/wp\/v2\/media?parent=3624"}],"wp:term":[{"taxonomy":"product_brand","embeddable":true,"href":"https:\/\/info-n.com\/tn\/wp-json\/wp\/v2\/product_brand?post=3624"},{"taxonomy":"product_cat","embeddable":true,"href":"https:\/\/info-n.com\/tn\/wp-json\/wp\/v2\/product_cat?post=3624"},{"taxonomy":"product_tag","embeddable":true,"href":"https:\/\/info-n.com\/tn\/wp-json\/wp\/v2\/product_tag?post=3624"}],"curies":[{"name":"wp","href":"https:\/\/api.w.org\/{rel}","templated":true}]}}