{"id":3625,"date":"2026-03-30T11:27:51","date_gmt":"2026-03-30T10:27:51","guid":{"rendered":"https:\/\/info-n.com\/tn\/?post_type=product&#038;p=3625"},"modified":"2026-04-13T16:33:40","modified_gmt":"2026-04-13T15:33:40","slug":"power-bank-wuw-y108-30000mah","status":"publish","type":"product","link":"https:\/\/info-n.com\/tn\/shop\/power-bank-wuw-y108-30000mah\/","title":{"rendered":"Power Bank WUW Y108 30000mAh"},"content":{"rendered":"<p>Power Bank WUW Y108 &#8211; Capacit\u00e9 de Batterie : 30 000 mAh Ports : 1 x Micro USB (entr\u00e9e) 1 x Type C (entr\u00e9e\/sortie) 2 x USB (sortie) Charge simultan\u00e9e : Jusqu\u2019\u00e0 2 appareils \u00e0 la fois Indicateur LED : Affichage du niveau de batterie Charge rapide : Sortie jusqu\u2019\u00e0 2,1A Batterie : Li-polym\u00e8re Sortie : DC 5V\/2.1A (max) Entr\u00e9e : 5V\/2.1A Puissance de sortie : 10W Couleur : Noir &#8211; Garantie : 6 mois<\/p>\n","protected":false},"excerpt":{"rendered":"<p>Power Bank WUW Y108 30000mAh est une batterie externe compacte et puissante, offrant une charge rapide fiable pour smartphones et tablettes, id\u00e9ale au quotidien et en voyage.<\/p>\n","protected":false},"featured_media":3626,"template":"","meta":[],"product_brand":[1415],"product_cat":[721],"product_tag":[1419,1383,1491,1451,1814,1823,1815,1382,489,1822,1819,1816,490,1909,1820,1817,1417,1416,1418,1821,1824,1818,1500,1459],"class_list":{"0":"post-3625","1":"product","2":"type-product","3":"status-publish","4":"has-post-thumbnail","6":"product_brand-wuw","7":"product_cat-power-bank","8":"product_tag-30000mah","9":"product_tag-bank","10":"product_tag-batterie-externe","11":"product_tag-chargeur-portable","12":"product_tag-external-battery","13":"product_tag-fast-charging-power-bank","14":"product_tag-portable-charger","15":"product_tag-power","16":"product_tag-power-bank","17":"product_tag-power-bank-rapide","18":"product_tag-power-bank-type-c","19":"product_tag-power-bank-usb","20":"product_tag-powerbank","21":"product_tag-tunisie","22":"product_tag-type-c-power-bank","23":"product_tag-usb-power-bank","24":"product_tag-wuw","25":"product_tag-wuw-y108-30000mah","26":"product_tag-y108","27":"product_tag-1821","28":"product_tag-1824","29":"product_tag-1818","30":"product_tag-1500","31":"product_tag-1459","33":"first","34":"onbackorder","35":"sale","36":"sold-individually","37":"taxable","38":"shipping-taxable","39":"purchasable","40":"product-type-simple"},"aioseo_notices":[],"_links":{"self":[{"href":"https:\/\/info-n.com\/tn\/wp-json\/wp\/v2\/product\/3625","targetHints":{"allow":["GET"]}}],"collection":[{"href":"https:\/\/info-n.com\/tn\/wp-json\/wp\/v2\/product"}],"about":[{"href":"https:\/\/info-n.com\/tn\/wp-json\/wp\/v2\/types\/product"}],"wp:featuredmedia":[{"embeddable":true,"href":"https:\/\/info-n.com\/tn\/wp-json\/wp\/v2\/media\/3626"}],"wp:attachment":[{"href":"https:\/\/info-n.com\/tn\/wp-json\/wp\/v2\/media?parent=3625"}],"wp:term":[{"taxonomy":"product_brand","embeddable":true,"href":"https:\/\/info-n.com\/tn\/wp-json\/wp\/v2\/product_brand?post=3625"},{"taxonomy":"product_cat","embeddable":true,"href":"https:\/\/info-n.com\/tn\/wp-json\/wp\/v2\/product_cat?post=3625"},{"taxonomy":"product_tag","embeddable":true,"href":"https:\/\/info-n.com\/tn\/wp-json\/wp\/v2\/product_tag?post=3625"}],"curies":[{"name":"wp","href":"https:\/\/api.w.org\/{rel}","templated":true}]}}