{"id":3812,"date":"2026-04-12T18:32:51","date_gmt":"2026-04-12T17:32:51","guid":{"rendered":"https:\/\/info-n.com\/tn\/?post_type=product&#038;p=3812"},"modified":"2026-04-14T09:40:38","modified_gmt":"2026-04-14T08:40:38","slug":"adaptateur-otg-lightning-vers-type-c","status":"publish","type":"product","link":"https:\/\/info-n.com\/tn\/shop\/adaptateur-otg-lightning-vers-type-c\/","title":{"rendered":"Adaptateur OTG Lightning vers Type-C"},"content":{"rendered":"<p>Connecteur Lightning m\u00e2le &#8211; Connecteur USB-C femelle &#8211; Supporte le transfert de donn\u00e9es OTG (On-The-Go) &#8211; Compatible avec iPhone (5 \u00e0 14) et iPad avec port Lightning &#8211; Bo\u00eetier compact en aluminium ou ABS r\u00e9sistant &#8211; Plug &#038; Play sans installation de logiciel &#8211; Supporte la charge<\/p>\n","protected":false},"excerpt":{"rendered":"<p>Connecteur Lightning m\u00e2le &#8211; Connecteur USB-C femelle &#8211; Supporte le transfert de donn\u00e9es OTG (On-The-Go) &#8211; Compatible avec iPhone (5 \u00e0 14) et iPad avec port Lightning &#8211; Bo\u00eetier compact en aluminium ou ABS r\u00e9sistant &#8211; Plug &#038; Play sans installation de logiciel &#8211; Supporte la charge<\/p>\n","protected":false},"featured_media":3813,"template":"","meta":[],"product_brand":[],"product_cat":[719],"product_tag":[78,82,195,242,243,246,347,392,459,646],"class_list":{"0":"post-3812","1":"product","2":"type-product","3":"status-publish","4":"has-post-thumbnail","6":"product_cat-otg-adaptateur","7":"product_tag-adaptateur","8":"product_tag-adapter","9":"product_tag-charge","10":"product_tag-converter","11":"product_tag-convertisseur","12":"product_tag-data","13":"product_tag-iphone","14":"product_tag-lightning","15":"product_tag-otg","16":"product_tag-type-c","18":"first","19":"instock","20":"sale","21":"taxable","22":"shipping-taxable","23":"purchasable","24":"product-type-simple"},"aioseo_notices":[],"_links":{"self":[{"href":"https:\/\/info-n.com\/tn\/wp-json\/wp\/v2\/product\/3812","targetHints":{"allow":["GET"]}}],"collection":[{"href":"https:\/\/info-n.com\/tn\/wp-json\/wp\/v2\/product"}],"about":[{"href":"https:\/\/info-n.com\/tn\/wp-json\/wp\/v2\/types\/product"}],"wp:featuredmedia":[{"embeddable":true,"href":"https:\/\/info-n.com\/tn\/wp-json\/wp\/v2\/media\/3813"}],"wp:attachment":[{"href":"https:\/\/info-n.com\/tn\/wp-json\/wp\/v2\/media?parent=3812"}],"wp:term":[{"taxonomy":"product_brand","embeddable":true,"href":"https:\/\/info-n.com\/tn\/wp-json\/wp\/v2\/product_brand?post=3812"},{"taxonomy":"product_cat","embeddable":true,"href":"https:\/\/info-n.com\/tn\/wp-json\/wp\/v2\/product_cat?post=3812"},{"taxonomy":"product_tag","embeddable":true,"href":"https:\/\/info-n.com\/tn\/wp-json\/wp\/v2\/product_tag?post=3812"}],"curies":[{"name":"wp","href":"https:\/\/api.w.org\/{rel}","templated":true}]}}