{"id":3819,"date":"2026-04-12T18:36:04","date_gmt":"2026-04-12T17:36:04","guid":{"rendered":"https:\/\/info-n.com\/tn\/?post_type=product&#038;p=3819"},"modified":"2026-04-14T09:45:55","modified_gmt":"2026-04-14T08:45:55","slug":"adaptateur-otg-type-c-vers-micro-usb-2","status":"publish","type":"product","link":"https:\/\/info-n.com\/tn\/shop\/adaptateur-otg-type-c-vers-micro-usb-2\/","title":{"rendered":"Adaptateur OTG Type-C vers Micro-USB"},"content":{"rendered":"<p>Connecteur USB Type-C m\u00e2le &#8211; Connecteur Micro-USB femelle &#8211; Fonctionnalit\u00e9 OTG pour transfert de donn\u00e9es &#8211; Vitesse de transfert jusqu&rsquo;\u00e0 480 Mbps &#8211; Compatible smartphones Android, tablettes et PC USB-C &#8211; Supporte la charge standard &#8211; Design ultra-compact en aluminium ou ABS &#8211; Installation Plug &#038; Play (sans pilote)<\/p>\n","protected":false},"excerpt":{"rendered":"<p>Adaptateur OTG Type\u2011C vers Micro\u2011USB est un accessoire compact permettant de connecter vos appareils Type\u2011C \u00e0 des p\u00e9riph\u00e9riques Micro\u2011USB, assurant transfert de donn\u00e9es et compatibilit\u00e9 pratique.<\/p>\n","protected":false},"featured_media":3818,"template":"","meta":[],"product_brand":[],"product_cat":[719],"product_tag":[78,1910,82,242,423,459,646,1911,655],"class_list":{"0":"post-3819","1":"product","2":"type-product","3":"status-publish","4":"has-post-thumbnail","6":"product_cat-otg-adaptateur","7":"product_tag-adaptateur","8":"product_tag-adaptateur-otg-type-c-vers-micro-usb","9":"product_tag-adapter","10":"product_tag-converter","11":"product_tag-micro","12":"product_tag-otg","13":"product_tag-type-c","14":"product_tag-type-c-micro-usb","15":"product_tag-usb","17":"first","18":"instock","19":"sale","20":"taxable","21":"shipping-taxable","22":"purchasable","23":"product-type-simple"},"aioseo_notices":[],"_links":{"self":[{"href":"https:\/\/info-n.com\/tn\/wp-json\/wp\/v2\/product\/3819","targetHints":{"allow":["GET"]}}],"collection":[{"href":"https:\/\/info-n.com\/tn\/wp-json\/wp\/v2\/product"}],"about":[{"href":"https:\/\/info-n.com\/tn\/wp-json\/wp\/v2\/types\/product"}],"wp:featuredmedia":[{"embeddable":true,"href":"https:\/\/info-n.com\/tn\/wp-json\/wp\/v2\/media\/3818"}],"wp:attachment":[{"href":"https:\/\/info-n.com\/tn\/wp-json\/wp\/v2\/media?parent=3819"}],"wp:term":[{"taxonomy":"product_brand","embeddable":true,"href":"https:\/\/info-n.com\/tn\/wp-json\/wp\/v2\/product_brand?post=3819"},{"taxonomy":"product_cat","embeddable":true,"href":"https:\/\/info-n.com\/tn\/wp-json\/wp\/v2\/product_cat?post=3819"},{"taxonomy":"product_tag","embeddable":true,"href":"https:\/\/info-n.com\/tn\/wp-json\/wp\/v2\/product_tag?post=3819"}],"curies":[{"name":"wp","href":"https:\/\/api.w.org\/{rel}","templated":true}]}}