{"id":3820,"date":"2026-04-12T18:46:27","date_gmt":"2026-04-12T17:46:27","guid":{"rendered":"https:\/\/info-n.com\/tn\/?post_type=product&#038;p=3820"},"modified":"2026-04-13T17:02:47","modified_gmt":"2026-04-13T16:02:47","slug":"adaptateur-dvi-vers-vga","status":"publish","type":"product","link":"https:\/\/info-n.com\/tn\/shop\/adaptateur-dvi-vers-vga\/","title":{"rendered":"Adaptateur DVI vers VGA"},"content":{"rendered":"<p>Adaptateur DVI vers VGA &#8211; Connecteur DVI-I m\u00e2le 24+5 broches &#8211; Connecteur VGA femelle 15 broches &#8211; R\u00e9solution maximale support\u00e9e 1920 x 1080 (Full HD) &#8211; Bo\u00eetier compact en ABS robuste<\/p>\n","protected":false},"excerpt":{"rendered":"<p>Adaptateur DVI vers VGA est une solution pratique permettant de connecter facilement vos \u00e9crans VGA \u00e0 des appareils \u00e9quip\u00e9s de sortie DVI, assurant compatibilit\u00e9 et affichage fiable.<\/p>\n","protected":false},"featured_media":3815,"template":"","meta":[],"product_brand":[],"product_cat":[694],"product_tag":[78,82,242,243,1912,1913,666],"class_list":{"0":"post-3820","1":"product","2":"type-product","3":"status-publish","4":"has-post-thumbnail","6":"product_cat-adaptateur-convertisseur","7":"product_tag-adaptateur","8":"product_tag-adapter","9":"product_tag-converter","10":"product_tag-convertisseur","11":"product_tag-dvi","12":"product_tag-dvi-vga","13":"product_tag-vga","15":"first","16":"instock","17":"sale","18":"taxable","19":"shipping-taxable","20":"purchasable","21":"product-type-simple"},"aioseo_notices":[],"_links":{"self":[{"href":"https:\/\/info-n.com\/tn\/wp-json\/wp\/v2\/product\/3820","targetHints":{"allow":["GET"]}}],"collection":[{"href":"https:\/\/info-n.com\/tn\/wp-json\/wp\/v2\/product"}],"about":[{"href":"https:\/\/info-n.com\/tn\/wp-json\/wp\/v2\/types\/product"}],"wp:featuredmedia":[{"embeddable":true,"href":"https:\/\/info-n.com\/tn\/wp-json\/wp\/v2\/media\/3815"}],"wp:attachment":[{"href":"https:\/\/info-n.com\/tn\/wp-json\/wp\/v2\/media?parent=3820"}],"wp:term":[{"taxonomy":"product_brand","embeddable":true,"href":"https:\/\/info-n.com\/tn\/wp-json\/wp\/v2\/product_brand?post=3820"},{"taxonomy":"product_cat","embeddable":true,"href":"https:\/\/info-n.com\/tn\/wp-json\/wp\/v2\/product_cat?post=3820"},{"taxonomy":"product_tag","embeddable":true,"href":"https:\/\/info-n.com\/tn\/wp-json\/wp\/v2\/product_tag?post=3820"}],"curies":[{"name":"wp","href":"https:\/\/api.w.org\/{rel}","templated":true}]}}