{"id":3821,"date":"2026-04-12T18:50:05","date_gmt":"2026-04-12T17:50:05","guid":{"rendered":"https:\/\/info-n.com\/tn\/?post_type=product&#038;p=3821"},"modified":"2026-04-12T18:57:04","modified_gmt":"2026-04-12T17:57:04","slug":"cle-bluetooth-5-1","status":"publish","type":"product","link":"https:\/\/info-n.com\/tn\/shop\/cle-bluetooth-5-1\/","title":{"rendered":"Cl\u00e9 Bluetooth 5.1"},"content":{"rendered":"<p>Cl\u00e9 Bluetooth Sans Fil &#8211; Version du Bluetooth : 5.0 &#8211; Port\u00e9e : 10 m\u00e8tres &#8211; Compatibilit\u00e9 : Windows 10\/11, Linux ou Mac<\/p>\n","protected":false},"excerpt":{"rendered":"<p>Cl\u00e9 Bluetooth Sans Fil &#8211; Version du Bluetooth : 5.0 &#8211; Port\u00e9e : 10 m\u00e8tres &#8211; Compatibilit\u00e9 : Windows 10\/11, Linux ou Mac<\/p>\n","protected":false},"featured_media":3814,"template":"","meta":[],"product_brand":[],"product_cat":[690,709],"product_tag":[116,1917,1918,230,1914,1916,1915,288],"class_list":{"0":"post-3821","1":"product","2":"type-product","3":"status-publish","4":"has-post-thumbnail","6":"product_cat-idivers","7":"product_cat-cle-wifi-bluetooth","8":"product_tag-bluetooth","9":"product_tag-carte-reseau-bluetooth","10":"product_tag-carte-reseau-externe","11":"product_tag-cle","12":"product_tag-cle-bluetooth","13":"product_tag-cle-sans-fil","14":"product_tag-cle-sans-fil-bluetooth","15":"product_tag-externe","17":"first","18":"instock","19":"taxable","20":"shipping-taxable","21":"purchasable","22":"product-type-simple"},"aioseo_notices":[],"_links":{"self":[{"href":"https:\/\/info-n.com\/tn\/wp-json\/wp\/v2\/product\/3821","targetHints":{"allow":["GET"]}}],"collection":[{"href":"https:\/\/info-n.com\/tn\/wp-json\/wp\/v2\/product"}],"about":[{"href":"https:\/\/info-n.com\/tn\/wp-json\/wp\/v2\/types\/product"}],"wp:featuredmedia":[{"embeddable":true,"href":"https:\/\/info-n.com\/tn\/wp-json\/wp\/v2\/media\/3814"}],"wp:attachment":[{"href":"https:\/\/info-n.com\/tn\/wp-json\/wp\/v2\/media?parent=3821"}],"wp:term":[{"taxonomy":"product_brand","embeddable":true,"href":"https:\/\/info-n.com\/tn\/wp-json\/wp\/v2\/product_brand?post=3821"},{"taxonomy":"product_cat","embeddable":true,"href":"https:\/\/info-n.com\/tn\/wp-json\/wp\/v2\/product_cat?post=3821"},{"taxonomy":"product_tag","embeddable":true,"href":"https:\/\/info-n.com\/tn\/wp-json\/wp\/v2\/product_tag?post=3821"}],"curies":[{"name":"wp","href":"https:\/\/api.w.org\/{rel}","templated":true}]}}