{"id":3822,"date":"2026-04-12T18:53:35","date_gmt":"2026-04-12T17:53:35","guid":{"rendered":"https:\/\/info-n.com\/tn\/?post_type=product&#038;p=3822"},"modified":"2026-04-14T12:08:15","modified_gmt":"2026-04-14T11:08:15","slug":"cle-usb-philips-64go-usb-3-0","status":"publish","type":"product","link":"https:\/\/info-n.com\/tn\/shop\/cle-usb-philips-64go-usb-3-0\/","title":{"rendered":"Cl\u00e9 USB PHILIPS 64Go &#8211; USB 3.0"},"content":{"rendered":"<p>Cl\u00e9 USB PHILIPS 64Go &#8211; Capacit\u00e9 64 Go &#8211; Interface USB 3.0- Vitesse de lecture jusqu&rsquo;\u00e0 100 Mo\/s &#8211; Vitesse d&rsquo;\u00e9criture 10-15 Mo\/s &#8211; Compatible Windows\/Mac\/Linux<\/p>\n","protected":false},"excerpt":{"rendered":"<p>Cl\u00e9 USB PHILIPS 64Go &#8211; Capacit\u00e9 64 Go &#8211; Interface USB 3.0- Vitesse de lecture jusqu&rsquo;\u00e0 100 Mo\/s &#8211; Vitesse d&rsquo;\u00e9criture 10-15 Mo\/s &#8211; Compatible Windows\/Mac\/Linux<\/p>\n","protected":false},"featured_media":3816,"template":"","meta":[],"product_brand":[1919],"product_cat":[708],"product_tag":[],"class_list":{"0":"post-3822","1":"product","2":"type-product","3":"status-publish","4":"has-post-thumbnail","6":"product_brand-philips","7":"product_cat-cle-usb","9":"first","10":"instock","11":"sale","12":"taxable","13":"shipping-taxable","14":"purchasable","15":"product-type-simple"},"aioseo_notices":[],"_links":{"self":[{"href":"https:\/\/info-n.com\/tn\/wp-json\/wp\/v2\/product\/3822","targetHints":{"allow":["GET"]}}],"collection":[{"href":"https:\/\/info-n.com\/tn\/wp-json\/wp\/v2\/product"}],"about":[{"href":"https:\/\/info-n.com\/tn\/wp-json\/wp\/v2\/types\/product"}],"wp:featuredmedia":[{"embeddable":true,"href":"https:\/\/info-n.com\/tn\/wp-json\/wp\/v2\/media\/3816"}],"wp:attachment":[{"href":"https:\/\/info-n.com\/tn\/wp-json\/wp\/v2\/media?parent=3822"}],"wp:term":[{"taxonomy":"product_brand","embeddable":true,"href":"https:\/\/info-n.com\/tn\/wp-json\/wp\/v2\/product_brand?post=3822"},{"taxonomy":"product_cat","embeddable":true,"href":"https:\/\/info-n.com\/tn\/wp-json\/wp\/v2\/product_cat?post=3822"},{"taxonomy":"product_tag","embeddable":true,"href":"https:\/\/info-n.com\/tn\/wp-json\/wp\/v2\/product_tag?post=3822"}],"curies":[{"name":"wp","href":"https:\/\/api.w.org\/{rel}","templated":true}]}}