{"id":3978,"date":"2026-04-17T10:29:27","date_gmt":"2026-04-17T09:29:27","guid":{"rendered":"https:\/\/info-n.com\/tn\/?post_type=product&#038;p=3978"},"modified":"2026-04-18T13:21:10","modified_gmt":"2026-04-18T12:21:10","slug":"cache-camera-universel-blanc","status":"publish","type":"product","link":"https:\/\/info-n.com\/tn\/shop\/cache-camera-universel-blanc\/","title":{"rendered":"Cache Cam\u00e9ra Universel &#8211; Blanc"},"content":{"rendered":"<p>Cache\u2011Cam\u00e9ra Universel &#8211; Fonction\u202f: Protection anti\u2011espion \/ anti\u2011peep, confidentialit\u00e9 renforc\u00e9e &#8211; Compatibilit\u00e9\u202f: Ordinateur portable, MacBook, PC de bureau, smartphone, iPhone, tablette, iPad &#8211; Fixation\u202f: Adh\u00e9sif robuste &#8211; Dimensions\u202f: 18\u00d79\u00d70.7\u202fmm &#8211; Mati\u00e8re\u202f: Plastique ABS, finition mate ultra\u2011fine<\/p>\n","protected":false},"excerpt":{"rendered":"<p>Cache\u2011cam\u00e9ra coulissant universel anti\u2011espion, protection des lentilles cam\u00e9ras pour ordinateur portable, MacBook, PC de bureau, smartphone, iPhone, tablette, iPad.<\/p>\n","protected":false},"featured_media":3982,"template":"","meta":[],"product_brand":[],"product_cat":[690,693,689,297],"product_tag":[2004,2005,104,2003,2002,2001,2009,21,2011,2008,2007,2006,2010],"class_list":{"0":"post-3978","1":"product","2":"type-product","3":"status-publish","4":"has-post-thumbnail","6":"product_cat-idivers","7":"product_cat-tdivers","8":"product_cat-pdivers","9":"product_cat-promo","10":"product_tag-anti-espion","11":"product_tag-anti-peep","12":"product_tag-autocollant","13":"product_tag-cache","14":"product_tag-cache-camera","15":"product_tag-cache-camera-universel","16":"product_tag-cache-webcam","17":"product_tag-camera","18":"product_tag-confidentialite","19":"product_tag-couverture-de-confidentialite","20":"product_tag-protection","21":"product_tag-protection-de-lentille","22":"product_tag-webcam","24":"first","25":"instock","26":"sale","27":"featured","28":"taxable","29":"shipping-taxable","30":"purchasable","31":"product-type-simple"},"aioseo_notices":[],"_links":{"self":[{"href":"https:\/\/info-n.com\/tn\/wp-json\/wp\/v2\/product\/3978","targetHints":{"allow":["GET"]}}],"collection":[{"href":"https:\/\/info-n.com\/tn\/wp-json\/wp\/v2\/product"}],"about":[{"href":"https:\/\/info-n.com\/tn\/wp-json\/wp\/v2\/types\/product"}],"wp:featuredmedia":[{"embeddable":true,"href":"https:\/\/info-n.com\/tn\/wp-json\/wp\/v2\/media\/3982"}],"wp:attachment":[{"href":"https:\/\/info-n.com\/tn\/wp-json\/wp\/v2\/media?parent=3978"}],"wp:term":[{"taxonomy":"product_brand","embeddable":true,"href":"https:\/\/info-n.com\/tn\/wp-json\/wp\/v2\/product_brand?post=3978"},{"taxonomy":"product_cat","embeddable":true,"href":"https:\/\/info-n.com\/tn\/wp-json\/wp\/v2\/product_cat?post=3978"},{"taxonomy":"product_tag","embeddable":true,"href":"https:\/\/info-n.com\/tn\/wp-json\/wp\/v2\/product_tag?post=3978"}],"curies":[{"name":"wp","href":"https:\/\/api.w.org\/{rel}","templated":true}]}}